{"id":423,"date":"2018-12-08T14:27:02","date_gmt":"2018-12-08T11:27:02","guid":{"rendered":"http:\/\/newencoder.com\/?page_id=423"},"modified":"2018-12-08T15:40:57","modified_gmt":"2018-12-08T12:40:57","slug":"hakkimizda","status":"publish","type":"page","link":"https:\/\/newencoder.com\/index.php\/hakkimizda\/","title":{"rendered":"Hakk\u0131m\u0131zda"},"content":{"rendered":"\n<div class=\"wp-block-image\"><figure class=\"alignleft\"><img loading=\"lazy\" width=\"250\" height=\"300\" src=\"http:\/\/newencoder.com\/wp-content\/uploads\/2016\/09\/uretim-250x300.jpg\" alt=\"\" class=\"wp-image-486\" srcset=\"https:\/\/newencoder.com\/wp-content\/uploads\/2016\/09\/uretim-250x300.jpg 250w, https:\/\/newencoder.com\/wp-content\/uploads\/2016\/09\/uretim.jpg 500w\" sizes=\"(max-width: 250px) 100vw, 250px\" \/><\/figure><\/div>\n\n\n\n<p><strong>Vizyonumuz:<\/strong><br>Sekt\u00f6rde ortaya koymu\u015f oldu\u011fumuz g\u00fcvenirlili\u011fi ve geli\u015fmeye a\u00e7\u0131k olan yap\u0131m\u0131zla, i\u00e7 ve di\u015f m\u00fc\u015fterilerimizin memnuniyetini s\u00fcrekli geli\u015ftirerek reel b\u00fcy\u00fcme h\u0131z\u0131yla yap\u0131lanarak kurumsal devaml\u0131l\u0131\u011f\u0131m\u0131z\u0131 sa\u011flamak vizyonumuzdur.<\/p>\n\n\n\n<p><strong>Misyonumuz:<\/strong><br>Yapt\u0131\u011f\u0131m\u0131z i\u015fin kalitesinden, m\u00fc\u015fteri odakl\u0131l\u0131\u011f\u0131m\u0131zdan, g\u00fcvenilirli\u011fimizden ve olu\u015fturmu\u015f oldu\u011fumuz hakkaniyet felsefelerinden \u00f6d\u00fcn vermeden \u00e7al\u0131\u015fmalar yapmak, yapt\u0131\u011f\u0131m\u0131z \u00e7al\u0131\u015fmalar\u0131 i\u00e7 ve di\u015f m\u00fc\u015fterilerimizle payla\u015fmak misyonumuzdur.<\/p>\n\n\n\n<p><strong>Kalite Politikam\u0131z:<\/strong><br>Kalite y\u00f6netim sistemimiz paralelinde i\u015f s\u00fcre\u00e7lerimizi s\u00fcrekli geli\u015ftirerek, hata oranlar\u0131m\u0131z\u0131 d\u00fc\u015f\u00fcrmek, uygulama ve sonras\u0131 teknik hizmetlerimizi m\u00fc\u015fterilerimizin beklentileri do\u011frultusunda harekete ge\u00e7irmek kalite politikam\u0131zd\u0131r.<\/p>\n","protected":false},"excerpt":{"rendered":"<p>Vizyonumuz:Sekt\u00f6rde ortaya koymu\u015f oldu\u011fumuz g\u00fcvenirlili\u011fi ve geli\u015fmeye a\u00e7\u0131k olan yap\u0131m\u0131zla, i\u00e7 ve di\u015f m\u00fc\u015fterilerimizin memnuniyetini s\u00fcrekli geli\u015ftirerek reel b\u00fcy\u00fcme h\u0131z\u0131yla yap\u0131lanarak kurumsal devaml\u0131l\u0131\u011f\u0131m\u0131z\u0131 sa\u011flamak vizyonumuzdur. Misyonumuz:Yapt\u0131\u011f\u0131m\u0131z i\u015fin kalitesinden, m\u00fc\u015fteri odakl\u0131l\u0131\u011f\u0131m\u0131zdan, g\u00fcvenilirli\u011fimizden ve olu\u015fturmu\u015f oldu\u011fumuz hakkaniyet felsefelerinden \u00f6d\u00fcn vermeden \u00e7al\u0131\u015fmalar yapmak, yapt\u0131\u011f\u0131m\u0131z \u00e7al\u0131\u015fmalar\u0131 i\u00e7 ve di\u015f m\u00fc\u015fterilerimizle payla\u015fmak misyonumuzdur. Kalite Politikam\u0131z:Kalite y\u00f6netim sistemimiz paralelinde i\u015f s\u00fcre\u00e7lerimizi&hellip;<\/p>\n","protected":false},"author":1,"featured_media":0,"parent":0,"menu_order":0,"comment_status":"closed","ping_status":"closed","template":"","meta":[],"_links":{"self":[{"href":"https:\/\/newencoder.com\/index.php\/wp-json\/wp\/v2\/pages\/423"}],"collection":[{"href":"https:\/\/newencoder.com\/index.php\/wp-json\/wp\/v2\/pages"}],"about":[{"href":"https:\/\/newencoder.com\/index.php\/wp-json\/wp\/v2\/types\/page"}],"author":[{"embeddable":true,"href":"https:\/\/newencoder.com\/index.php\/wp-json\/wp\/v2\/users\/1"}],"replies":[{"embeddable":true,"href":"https:\/\/newencoder.com\/index.php\/wp-json\/wp\/v2\/comments?post=423"}],"version-history":[{"count":4,"href":"https:\/\/newencoder.com\/index.php\/wp-json\/wp\/v2\/pages\/423\/revisions"}],"predecessor-version":[{"id":498,"href":"https:\/\/newencoder.com\/index.php\/wp-json\/wp\/v2\/pages\/423\/revisions\/498"}],"wp:attachment":[{"href":"https:\/\/newencoder.com\/index.php\/wp-json\/wp\/v2\/media?parent=423"}],"curies":[{"name":"wp","href":"https:\/\/api.w.org\/{rel}","templated":true}]}}